{"id":738,"date":"2023-02-24T09:42:45","date_gmt":"2023-02-24T09:42:45","guid":{"rendered":"https:\/\/dgvgifts.com\/index.php\/product\/swiss-peak-adjustable-aluminium-phone-stand\/"},"modified":"2024-11-08T10:31:41","modified_gmt":"2024-11-08T10:31:41","slug":"swiss-peak-adjustable-aluminium-phone-stand","status":"publish","type":"product","link":"https:\/\/dgvgifts.com\/lt\/produktas\/swiss-peak-adjustable-aluminium-phone-stand\/","title":{"rendered":"\"Swiss Peak\" reguliuojamas aliuminio telefono stovas"},"content":{"rendered":"<p>Reguliuojamas ir sulankstomas telefono stovas su aliuminio laikikliu, u\u017etikrinan\u010diu didesn\u012f stabilum\u0105. Stovo auk\u0161t\u012f galima reguliuoti pagal savo poreikius. Sunkus pagrindas u\u017etikrina stabilum\u0105.  Silikoninis \u012fd\u0117klas, saugiam telefono laikymui.<\/p>","protected":false},"excerpt":{"rendered":"<p>Adjustable and foldable phone stand with aluminium barrel for extra stability. The item can be adjusted in height to your preference. The base is extra heavy to ensure stability. With silicon pad to keep your phone stable in the stand.<\/p>","protected":false},"featured_media":726,"comment_status":"open","ping_status":"closed","template":"","meta":[],"product_brand":[],"product_cat":[42,30],"product_tag":[],"class_list":{"0":"post-738","1":"product","2":"type-product","3":"status-publish","4":"has-post-thumbnail","6":"product_cat-phone-accessories","7":"product_cat-technologies","9":"first","10":"instock","11":"shipping-taxable","12":"purchasable","13":"product-type-simple"},"_links":{"self":[{"href":"https:\/\/dgvgifts.com\/lt\/wp-json\/wp\/v2\/product\/738","targetHints":{"allow":["GET"]}}],"collection":[{"href":"https:\/\/dgvgifts.com\/lt\/wp-json\/wp\/v2\/product"}],"about":[{"href":"https:\/\/dgvgifts.com\/lt\/wp-json\/wp\/v2\/types\/product"}],"replies":[{"embeddable":true,"href":"https:\/\/dgvgifts.com\/lt\/wp-json\/wp\/v2\/comments?post=738"}],"version-history":[{"count":1,"href":"https:\/\/dgvgifts.com\/lt\/wp-json\/wp\/v2\/product\/738\/revisions"}],"predecessor-version":[{"id":2957,"href":"https:\/\/dgvgifts.com\/lt\/wp-json\/wp\/v2\/product\/738\/revisions\/2957"}],"wp:featuredmedia":[{"embeddable":true,"href":"https:\/\/dgvgifts.com\/lt\/wp-json\/wp\/v2\/media\/726"}],"wp:attachment":[{"href":"https:\/\/dgvgifts.com\/lt\/wp-json\/wp\/v2\/media?parent=738"}],"wp:term":[{"taxonomy":"product_brand","embeddable":true,"href":"https:\/\/dgvgifts.com\/lt\/wp-json\/wp\/v2\/product_brand?post=738"},{"taxonomy":"product_cat","embeddable":true,"href":"https:\/\/dgvgifts.com\/lt\/wp-json\/wp\/v2\/product_cat?post=738"},{"taxonomy":"product_tag","embeddable":true,"href":"https:\/\/dgvgifts.com\/lt\/wp-json\/wp\/v2\/product_tag?post=738"}],"curies":[{"name":"wp","href":"https:\/\/api.w.org\/{rel}","templated":true}]}}