{"id":749,"date":"2023-02-24T09:42:55","date_gmt":"2023-02-24T09:42:55","guid":{"rendered":"https:\/\/dgvgifts.com\/index.php\/product\/fsc-bamboo-phone-stand-in-fsc-kraft-box\/"},"modified":"2024-11-08T10:31:30","modified_gmt":"2024-11-08T10:31:30","slug":"fsc-bamboo-phone-stand-in-fsc-kraft-box","status":"publish","type":"product","link":"https:\/\/dgvgifts.com\/lt\/produktas\/fsc-bamboo-phone-stand-in-fsc-kraft-box\/","title":{"rendered":"Bambukinis telefono stovas supakuotas \u012f d\u0117\u017eut\u0119"},"content":{"rendered":"<p>Sertifikuotas bambukinis telefono stovas. Stovas turi viet\u0105 \u012fkrovimo laidui prijungti, kad gal\u0117tum\u0117te lengvai \u012fkrauti telefon\u0105 naudodami stov\u0105. Supakuotas \u012f d\u0117\u017eut\u0119.<\/p>","protected":false},"excerpt":{"rendered":"<p>Sertifikuotas bambukinis telefono stovas. Stovas turi viet\u0105 \u012fkrovimo laidui prijungti, kad gal\u0117tum\u0117te lengvai \u012fkrauti telefon\u0105 naudodami stov\u0105. Supakuotas \u012f d\u0117\u017eut\u0119.<\/p>","protected":false},"featured_media":739,"comment_status":"open","ping_status":"closed","template":"","meta":[],"product_brand":[],"product_cat":[42,27,30],"product_tag":[],"class_list":{"0":"post-749","1":"product","2":"type-product","3":"status-publish","4":"has-post-thumbnail","6":"product_cat-phone-accessories","7":"product_cat-eco-friendly","8":"product_cat-technologies","10":"first","11":"instock","12":"shipping-taxable","13":"purchasable","14":"product-type-simple"},"_links":{"self":[{"href":"https:\/\/dgvgifts.com\/lt\/wp-json\/wp\/v2\/product\/749","targetHints":{"allow":["GET"]}}],"collection":[{"href":"https:\/\/dgvgifts.com\/lt\/wp-json\/wp\/v2\/product"}],"about":[{"href":"https:\/\/dgvgifts.com\/lt\/wp-json\/wp\/v2\/types\/product"}],"replies":[{"embeddable":true,"href":"https:\/\/dgvgifts.com\/lt\/wp-json\/wp\/v2\/comments?post=749"}],"version-history":[{"count":1,"href":"https:\/\/dgvgifts.com\/lt\/wp-json\/wp\/v2\/product\/749\/revisions"}],"predecessor-version":[{"id":2956,"href":"https:\/\/dgvgifts.com\/lt\/wp-json\/wp\/v2\/product\/749\/revisions\/2956"}],"wp:featuredmedia":[{"embeddable":true,"href":"https:\/\/dgvgifts.com\/lt\/wp-json\/wp\/v2\/media\/739"}],"wp:attachment":[{"href":"https:\/\/dgvgifts.com\/lt\/wp-json\/wp\/v2\/media?parent=749"}],"wp:term":[{"taxonomy":"product_brand","embeddable":true,"href":"https:\/\/dgvgifts.com\/lt\/wp-json\/wp\/v2\/product_brand?post=749"},{"taxonomy":"product_cat","embeddable":true,"href":"https:\/\/dgvgifts.com\/lt\/wp-json\/wp\/v2\/product_cat?post=749"},{"taxonomy":"product_tag","embeddable":true,"href":"https:\/\/dgvgifts.com\/lt\/wp-json\/wp\/v2\/product_tag?post=749"}],"curies":[{"name":"wp","href":"https:\/\/api.w.org\/{rel}","templated":true}]}}