{"id":757,"date":"2023-02-24T09:43:01","date_gmt":"2023-02-24T09:43:01","guid":{"rendered":"https:\/\/dgvgifts.com\/index.php\/product\/cork-and-wheat-6-in-1-retractable-cable\/"},"modified":"2024-11-08T10:31:19","modified_gmt":"2024-11-08T10:31:19","slug":"cork-and-wheat-6-in-1-retractable-cable","status":"publish","type":"product","link":"https:\/\/dgvgifts.com\/lt\/produktas\/cork-and-wheat-6-in-1-retractable-cable\/","title":{"rendered":"6-in-1 i\u0161traukiamas laidas"},"content":{"rendered":"<p>Unikalios konstrukcijos i\u0161traukiamas laidas, kuriuo galima \u012fkrauti bet kokio tipo prietais\u0105, i\u0161 bet kokio tipo USB \u0161altinio. Pagamintas i\u0161 kam\u0161\u010dio ir kvie\u010di\u0173 \u0161iaud\u0173 (35 %), sumai\u0161yt\u0173 su ABS (TPE laidas be PVC).  Laidas puikiai tinka naujesn\u0117s kartos telefon\u0173 \u012fkrovimams. Macbook kompiuteriams, kurie turi tik C tipo \u012fkrovim\u0105. Laidas taip pat turi \u012fprast\u0105 A tipo USB \u012fvest\u012f.  \n\u012ekrovimas:  C tipo ir dvipus\u0117 jungtis, skirta IOS ir Android  \u012frenginiams. \nLaido ilgis: 100 cm. \n\u012ekrovimo laido gamyboje, nebuvo naudojamas plastikas.<\/p>","protected":false},"excerpt":{"rendered":"<p>Unique design retractable cable that allows you to charge any type of item from any type of USB source. Made from cork and wheat straw (35%) mixed with ABS and PVC free TPE cable. The cable is perfect for newer generation phone chargers and macbook computers that only have type C output because of the [&hellip;]<\/p>","protected":false},"featured_media":750,"comment_status":"open","ping_status":"closed","template":"","meta":[],"product_brand":[],"product_cat":[42,27,30],"product_tag":[],"class_list":{"0":"post-757","1":"product","2":"type-product","3":"status-publish","4":"has-post-thumbnail","6":"product_cat-phone-accessories","7":"product_cat-eco-friendly","8":"product_cat-technologies","10":"first","11":"instock","12":"shipping-taxable","13":"purchasable","14":"product-type-simple"},"_links":{"self":[{"href":"https:\/\/dgvgifts.com\/lt\/wp-json\/wp\/v2\/product\/757","targetHints":{"allow":["GET"]}}],"collection":[{"href":"https:\/\/dgvgifts.com\/lt\/wp-json\/wp\/v2\/product"}],"about":[{"href":"https:\/\/dgvgifts.com\/lt\/wp-json\/wp\/v2\/types\/product"}],"replies":[{"embeddable":true,"href":"https:\/\/dgvgifts.com\/lt\/wp-json\/wp\/v2\/comments?post=757"}],"version-history":[{"count":1,"href":"https:\/\/dgvgifts.com\/lt\/wp-json\/wp\/v2\/product\/757\/revisions"}],"predecessor-version":[{"id":2955,"href":"https:\/\/dgvgifts.com\/lt\/wp-json\/wp\/v2\/product\/757\/revisions\/2955"}],"wp:featuredmedia":[{"embeddable":true,"href":"https:\/\/dgvgifts.com\/lt\/wp-json\/wp\/v2\/media\/750"}],"wp:attachment":[{"href":"https:\/\/dgvgifts.com\/lt\/wp-json\/wp\/v2\/media?parent=757"}],"wp:term":[{"taxonomy":"product_brand","embeddable":true,"href":"https:\/\/dgvgifts.com\/lt\/wp-json\/wp\/v2\/product_brand?post=757"},{"taxonomy":"product_cat","embeddable":true,"href":"https:\/\/dgvgifts.com\/lt\/wp-json\/wp\/v2\/product_cat?post=757"},{"taxonomy":"product_tag","embeddable":true,"href":"https:\/\/dgvgifts.com\/lt\/wp-json\/wp\/v2\/product_tag?post=757"}],"curies":[{"name":"wp","href":"https:\/\/api.w.org\/{rel}","templated":true}]}}