{"id":770,"date":"2023-02-24T09:43:10","date_gmt":"2023-02-24T09:43:10","guid":{"rendered":"https:\/\/dgvgifts.com\/index.php\/product\/rcs-recycled-plastic-ontario-6-in-1-retractable-cable\/"},"modified":"2024-11-08T10:31:02","modified_gmt":"2024-11-08T10:31:02","slug":"rcs-recycled-plastic-ontario-6-in-1-retractable-cable","status":"publish","type":"product","link":"https:\/\/dgvgifts.com\/lt\/produktas\/rcs-recycled-plastic-ontario-6-in-1-retractable-cable\/","title":{"rendered":"Perdirbto plastiko 6-in-1 i\u0161traukiamas kabelis"},"content":{"rendered":"<p>Kompakti\u0161kas ir lengvai naudojamas i\u0161traukiamas daugiafunkcinis kabelis pagamintas i\u0161 sertifikuot\u0173 perdirbt\u0173 med\u017eiag\u0173. Komplektuojamas su 5 skirtingomis jungtimis: USB C \u012fvestis, USB A \u012fvestis, C tipo i\u0161vestis, IOS i\u0161vestis ir \"micro USB\" i\u0161vestis. Tai taip pat leid\u017eia naudoti kabel\u012f su C tipo i\u0161vesties \u012frenginiais, esan\u010diais naujesn\u0117s kartos telefonuose ir \"macbook\" kompiuteriuose. Kabelis taip pat turi USB A i\u0161vesties \u012fvesties pasirinkim\u0105, tod\u0117l juo galima \u012fkrauti bet kok\u012f \u012frengin\u012f i\u0161 bet kokio i\u0161vesties \u0161altinio.  Korpusas pagamintas i\u0161 FSC bambuko ir RCS sertifikuoto perdirbto ABS, kabeliai - i\u0161 RCS sertifikuotos perdirbtos TPE med\u017eiagos. Laido ilgis: 100 cm. Supakuota kraftin\u0119 pakuot\u0119.<\/p>","protected":false},"excerpt":{"rendered":"<p>Compact and easy to carry retractable multi cable made with certified recycled materials. Comes with 5 different connectors: USB C in, USB A in, type C out, IOS out and micro USB out. This also allows you to use the cable with type C output devices that are included in the newer generation of phones [&hellip;]<\/p>","protected":false},"featured_media":758,"comment_status":"open","ping_status":"closed","template":"","meta":[],"product_brand":[],"product_cat":[42,30],"product_tag":[],"class_list":{"0":"post-770","1":"product","2":"type-product","3":"status-publish","4":"has-post-thumbnail","6":"product_cat-phone-accessories","7":"product_cat-technologies","9":"first","10":"instock","11":"shipping-taxable","12":"purchasable","13":"product-type-simple"},"_links":{"self":[{"href":"https:\/\/dgvgifts.com\/lt\/wp-json\/wp\/v2\/product\/770","targetHints":{"allow":["GET"]}}],"collection":[{"href":"https:\/\/dgvgifts.com\/lt\/wp-json\/wp\/v2\/product"}],"about":[{"href":"https:\/\/dgvgifts.com\/lt\/wp-json\/wp\/v2\/types\/product"}],"replies":[{"embeddable":true,"href":"https:\/\/dgvgifts.com\/lt\/wp-json\/wp\/v2\/comments?post=770"}],"version-history":[{"count":1,"href":"https:\/\/dgvgifts.com\/lt\/wp-json\/wp\/v2\/product\/770\/revisions"}],"predecessor-version":[{"id":2954,"href":"https:\/\/dgvgifts.com\/lt\/wp-json\/wp\/v2\/product\/770\/revisions\/2954"}],"wp:featuredmedia":[{"embeddable":true,"href":"https:\/\/dgvgifts.com\/lt\/wp-json\/wp\/v2\/media\/758"}],"wp:attachment":[{"href":"https:\/\/dgvgifts.com\/lt\/wp-json\/wp\/v2\/media?parent=770"}],"wp:term":[{"taxonomy":"product_brand","embeddable":true,"href":"https:\/\/dgvgifts.com\/lt\/wp-json\/wp\/v2\/product_brand?post=770"},{"taxonomy":"product_cat","embeddable":true,"href":"https:\/\/dgvgifts.com\/lt\/wp-json\/wp\/v2\/product_cat?post=770"},{"taxonomy":"product_tag","embeddable":true,"href":"https:\/\/dgvgifts.com\/lt\/wp-json\/wp\/v2\/product_tag?post=770"}],"curies":[{"name":"wp","href":"https:\/\/api.w.org\/{rel}","templated":true}]}}