{"id":780,"date":"2023-02-24T09:43:18","date_gmt":"2023-02-24T09:43:18","guid":{"rendered":"https:\/\/dgvgifts.com\/index.php\/product\/rcs-recycled-tpe-and-recycled-plastic-6-in-1-cable\/"},"modified":"2024-11-08T10:30:50","modified_gmt":"2024-11-08T10:30:50","slug":"rcs-recycled-tpe-and-recycled-plastic-6-in-1-cable","status":"publish","type":"product","link":"https:\/\/dgvgifts.com\/lt\/produktas\/rcs-recycled-tpe-and-recycled-plastic-6-in-1-cable\/","title":{"rendered":"Perdirbto plastiko 6-in-1 laidas"},"content":{"rendered":"<p>6 in 1 \u012fkrovimo laidas su korpusu, pagamintu i\u0161 100 % perdirbto ABS plastiko pagal RCS standart\u0105, ir 120 cm ilgio laidu, pagamintu i\u0161 100 % perdirbto TPE. Laido komplektacijoje yra 5 skirtingos jungtys: USB C \u012fvestis, USB A \u012fvestis, C tipo i\u0161vestis, IOS i\u0161vestis ir \"micro USB\" i\u0161vestis. Tai leid\u017eia naudoti kabel\u012f su C tipo i\u0161vesties \u012frenginiais, esan\u010diais naujesn\u0117s kartos telefonuose ir \"macbook\" kompiuteriuose. Kabelis taip pat turi USB A i\u0161vesties \u012fvesties parinkt\u012f, tod\u0117l juo galima \u012fkrauti bet kok\u012f \u012frengin\u012f i\u0161 bet kokio i\u0161vesties \u0161altinio. Pagaminta nenaudojant plastiko, supakuota \u012f d\u0117\u017eut\u0119.<\/p>","protected":false},"excerpt":{"rendered":"<p>6 in 1 charging cable with casing made from 100% RCS standard recycled ABS plastic and 120 cm cable made from 100% recycled TPE. RCS (Recycled Claim Standard) is a standard to verify the recycled content of a product throughout the whole supply chain. Total recycled content: 57% based on total item weight.The cable comes [&hellip;]<\/p>","protected":false},"featured_media":771,"comment_status":"open","ping_status":"closed","template":"","meta":[],"product_brand":[],"product_cat":[42,30],"product_tag":[],"class_list":{"0":"post-780","1":"product","2":"type-product","3":"status-publish","4":"has-post-thumbnail","6":"product_cat-phone-accessories","7":"product_cat-technologies","9":"first","10":"instock","11":"shipping-taxable","12":"purchasable","13":"product-type-simple"},"_links":{"self":[{"href":"https:\/\/dgvgifts.com\/lt\/wp-json\/wp\/v2\/product\/780","targetHints":{"allow":["GET"]}}],"collection":[{"href":"https:\/\/dgvgifts.com\/lt\/wp-json\/wp\/v2\/product"}],"about":[{"href":"https:\/\/dgvgifts.com\/lt\/wp-json\/wp\/v2\/types\/product"}],"replies":[{"embeddable":true,"href":"https:\/\/dgvgifts.com\/lt\/wp-json\/wp\/v2\/comments?post=780"}],"version-history":[{"count":1,"href":"https:\/\/dgvgifts.com\/lt\/wp-json\/wp\/v2\/product\/780\/revisions"}],"predecessor-version":[{"id":2953,"href":"https:\/\/dgvgifts.com\/lt\/wp-json\/wp\/v2\/product\/780\/revisions\/2953"}],"wp:featuredmedia":[{"embeddable":true,"href":"https:\/\/dgvgifts.com\/lt\/wp-json\/wp\/v2\/media\/771"}],"wp:attachment":[{"href":"https:\/\/dgvgifts.com\/lt\/wp-json\/wp\/v2\/media?parent=780"}],"wp:term":[{"taxonomy":"product_brand","embeddable":true,"href":"https:\/\/dgvgifts.com\/lt\/wp-json\/wp\/v2\/product_brand?post=780"},{"taxonomy":"product_cat","embeddable":true,"href":"https:\/\/dgvgifts.com\/lt\/wp-json\/wp\/v2\/product_cat?post=780"},{"taxonomy":"product_tag","embeddable":true,"href":"https:\/\/dgvgifts.com\/lt\/wp-json\/wp\/v2\/product_tag?post=780"}],"curies":[{"name":"wp","href":"https:\/\/api.w.org\/{rel}","templated":true}]}}