{"id":791,"date":"2023-02-24T09:43:27","date_gmt":"2023-02-24T09:43:27","guid":{"rendered":"https:\/\/dgvgifts.com\/index.php\/product\/terra-rcs-recycled-aluminum-6-in-1-charging-cable\/"},"modified":"2024-11-08T10:30:42","modified_gmt":"2024-11-08T10:30:42","slug":"terra-rcs-recycled-aluminum-6-in-1-charging-cable","status":"publish","type":"product","link":"https:\/\/dgvgifts.com\/lt\/produktas\/terra-rcs-recycled-aluminum-6-in-1-charging-cable\/","title":{"rendered":"Perdirbto aliuminio 6-in-1 \u012fkrovimo laidas"},"content":{"rendered":"<p>\u012ekrovimo laidas pagamintas i\u0161 sertifikuoto perdirbto aliuminio. Pkrovimo jungtys: A ir C tipo USB. Triguba \u012fkrovimo jungtis: \"Apple Lightning\" \/ \"Micro\" ir C tipo, i\u0161 viso 6 \u012fkrovimo galimyb\u0117s. Laid\u0173 ilgis 12 cm. Supakuota \u012f d\u0117\u017eut\u0119.  Palaiko greit\u0105j\u012f \u012fkrovim\u0105 iki 9 V\/2 A.<\/p>","protected":false},"excerpt":{"rendered":"<p>Charging cable made with RCS (Recycled Claim Standard) certified recycled aluminum, recycled TPE and recycled pet. Total recycled content: 68% based on total item weight. RCS certification ensures a completely certified supply chain of the recycled materials. Aluminum does not lose its characteristics in the recycling process and can be recycled endlessly. With dual input [&hellip;]<\/p>","protected":false},"featured_media":781,"comment_status":"open","ping_status":"closed","template":"","meta":[],"product_brand":[],"product_cat":[42,30],"product_tag":[],"class_list":{"0":"post-791","1":"product","2":"type-product","3":"status-publish","4":"has-post-thumbnail","6":"product_cat-phone-accessories","7":"product_cat-technologies","9":"first","10":"instock","11":"shipping-taxable","12":"purchasable","13":"product-type-simple"},"_links":{"self":[{"href":"https:\/\/dgvgifts.com\/lt\/wp-json\/wp\/v2\/product\/791","targetHints":{"allow":["GET"]}}],"collection":[{"href":"https:\/\/dgvgifts.com\/lt\/wp-json\/wp\/v2\/product"}],"about":[{"href":"https:\/\/dgvgifts.com\/lt\/wp-json\/wp\/v2\/types\/product"}],"replies":[{"embeddable":true,"href":"https:\/\/dgvgifts.com\/lt\/wp-json\/wp\/v2\/comments?post=791"}],"version-history":[{"count":1,"href":"https:\/\/dgvgifts.com\/lt\/wp-json\/wp\/v2\/product\/791\/revisions"}],"predecessor-version":[{"id":2952,"href":"https:\/\/dgvgifts.com\/lt\/wp-json\/wp\/v2\/product\/791\/revisions\/2952"}],"wp:featuredmedia":[{"embeddable":true,"href":"https:\/\/dgvgifts.com\/lt\/wp-json\/wp\/v2\/media\/781"}],"wp:attachment":[{"href":"https:\/\/dgvgifts.com\/lt\/wp-json\/wp\/v2\/media?parent=791"}],"wp:term":[{"taxonomy":"product_brand","embeddable":true,"href":"https:\/\/dgvgifts.com\/lt\/wp-json\/wp\/v2\/product_brand?post=791"},{"taxonomy":"product_cat","embeddable":true,"href":"https:\/\/dgvgifts.com\/lt\/wp-json\/wp\/v2\/product_cat?post=791"},{"taxonomy":"product_tag","embeddable":true,"href":"https:\/\/dgvgifts.com\/lt\/wp-json\/wp\/v2\/product_tag?post=791"}],"curies":[{"name":"wp","href":"https:\/\/api.w.org\/{rel}","templated":true}]}}