{"id":804,"date":"2023-02-24T09:43:38","date_gmt":"2023-02-24T09:43:38","guid":{"rendered":"https:\/\/dgvgifts.com\/index.php\/product\/cork-pen-holder-and-5w-wireless-charger\/"},"modified":"2024-11-08T10:30:30","modified_gmt":"2024-11-08T10:30:30","slug":"cork-pen-holder-and-5w-wireless-charger","status":"publish","type":"product","link":"https:\/\/dgvgifts.com\/lt\/produktas\/cork-pen-holder-and-5w-wireless-charger\/","title":{"rendered":"Kam\u0161tinis ra\u0161iklio laikiklis ir 5 W belaidis \u012fkroviklis"},"content":{"rendered":"<p>5W belaid\u017eio \u012fkroviklio stovas su ra\u0161iklio laikikliu, pagamintas i\u0161 nat\u016bralaus kam\u0161\u010dio. 150 cm pakrovimo laidas pridedamas. Suderinamas su visais QI palaikan\u010diais \u012frenginiais, tokiais kaip naujausios kartos \"Android\", \"iPhone 8\" ir v\u0117lesniais. Kitoje pus\u0117je yra dvi USB A i\u0161vestys, skirtos \u012fkrovimui kabeliu. \u012ekrovimas: 5V\/2A; belaidis i\u0161\u0117jimas: 5\/1A - 5W. 2x USB pakrovimas 5V\/2A; Stovas pagamintas nenaudojant jokio plastiko.<\/p>","protected":false},"excerpt":{"rendered":"<p>5W wireless charger stand with pen holder made from natural cork. With 150 cm wheat straw (15%) mixed with micro tpe cable. Compatible with all QI enabled devices like Android latest generation, iPhone 8 and up. On the reverse side there are two USB A output ports for charging via cable. Input: 5V\/2A; Wireless Output: [&hellip;]<\/p>","protected":false},"featured_media":792,"comment_status":"open","ping_status":"closed","template":"","meta":[],"product_brand":[],"product_cat":[42,27,30],"product_tag":[],"class_list":{"0":"post-804","1":"product","2":"type-product","3":"status-publish","4":"has-post-thumbnail","6":"product_cat-phone-accessories","7":"product_cat-eco-friendly","8":"product_cat-technologies","10":"first","11":"instock","12":"shipping-taxable","13":"purchasable","14":"product-type-simple"},"_links":{"self":[{"href":"https:\/\/dgvgifts.com\/lt\/wp-json\/wp\/v2\/product\/804","targetHints":{"allow":["GET"]}}],"collection":[{"href":"https:\/\/dgvgifts.com\/lt\/wp-json\/wp\/v2\/product"}],"about":[{"href":"https:\/\/dgvgifts.com\/lt\/wp-json\/wp\/v2\/types\/product"}],"replies":[{"embeddable":true,"href":"https:\/\/dgvgifts.com\/lt\/wp-json\/wp\/v2\/comments?post=804"}],"version-history":[{"count":1,"href":"https:\/\/dgvgifts.com\/lt\/wp-json\/wp\/v2\/product\/804\/revisions"}],"predecessor-version":[{"id":2951,"href":"https:\/\/dgvgifts.com\/lt\/wp-json\/wp\/v2\/product\/804\/revisions\/2951"}],"wp:featuredmedia":[{"embeddable":true,"href":"https:\/\/dgvgifts.com\/lt\/wp-json\/wp\/v2\/media\/792"}],"wp:attachment":[{"href":"https:\/\/dgvgifts.com\/lt\/wp-json\/wp\/v2\/media?parent=804"}],"wp:term":[{"taxonomy":"product_brand","embeddable":true,"href":"https:\/\/dgvgifts.com\/lt\/wp-json\/wp\/v2\/product_brand?post=804"},{"taxonomy":"product_cat","embeddable":true,"href":"https:\/\/dgvgifts.com\/lt\/wp-json\/wp\/v2\/product_cat?post=804"},{"taxonomy":"product_tag","embeddable":true,"href":"https:\/\/dgvgifts.com\/lt\/wp-json\/wp\/v2\/product_tag?post=804"}],"curies":[{"name":"wp","href":"https:\/\/api.w.org\/{rel}","templated":true}]}}