{"id":818,"date":"2023-02-24T09:43:49","date_gmt":"2023-02-24T09:43:49","guid":{"rendered":"https:\/\/dgvgifts.com\/index.php\/product\/fsc-certified-bamboo-5w-round-wireless-charger\/"},"modified":"2024-11-08T10:30:16","modified_gmt":"2024-11-08T10:30:16","slug":"fsc-certified-bamboo-5w-round-wireless-charger","status":"publish","type":"product","link":"https:\/\/dgvgifts.com\/lt\/produktas\/fsc-certified-bamboo-5w-round-wireless-charger\/","title":{"rendered":"Bambukinis 5W apvalus belaidis \u012fkroviklis"},"content":{"rendered":"<p>\u012ekraukite savo mobiliuosius \u012frenginius neprijung\u0119 laido naudodami \u0161\u012f 5 W belaid\u012f \u012fkrovikl\u012f. Tiesiog pad\u0117kite mobil\u0173j\u012f telefon\u0105 ant pad\u0117kliuko ir palaukite, kol pasirodys prane\u0161imas apie \u012fkrovim\u0105. Suderinamas su visais QI palaikan\u010diais \u012frenginiais, tokiais kaip naujausios kartos \"Android\", \"iPhone 8\" ir v\u0117lesni. \u012ekrovimas: 5V\/2A. Belaid\u017eio ry\u0161io pakrovimas: 5V\/1A. Pridedamas 150 cm mikro USB laidas. \u012ekroviklis pagamintas nenaudojant plastiko. Supakuota \u012f d\u0117\u017eut\u0119.<\/p>","protected":false},"excerpt":{"rendered":"<p>Charge your mobile devices without connecting a cable with this 100% FSC\u00ae certified 5W wireless charger. Just place your mobile phone on the pad and wait for the charging notification to appear. Compatible with all QI enabled devices like Android latest generation, iPhone 8 and up. Input: 5V\/2A. Wireless output: 5V\/1A. Including 150cm RCS recycled [&hellip;]<\/p>","protected":false},"featured_media":805,"comment_status":"open","ping_status":"closed","template":"","meta":[],"product_brand":[],"product_cat":[42,27,30],"product_tag":[],"class_list":{"0":"post-818","1":"product","2":"type-product","3":"status-publish","4":"has-post-thumbnail","6":"product_cat-phone-accessories","7":"product_cat-eco-friendly","8":"product_cat-technologies","10":"first","11":"instock","12":"shipping-taxable","13":"purchasable","14":"product-type-simple"},"_links":{"self":[{"href":"https:\/\/dgvgifts.com\/lt\/wp-json\/wp\/v2\/product\/818","targetHints":{"allow":["GET"]}}],"collection":[{"href":"https:\/\/dgvgifts.com\/lt\/wp-json\/wp\/v2\/product"}],"about":[{"href":"https:\/\/dgvgifts.com\/lt\/wp-json\/wp\/v2\/types\/product"}],"replies":[{"embeddable":true,"href":"https:\/\/dgvgifts.com\/lt\/wp-json\/wp\/v2\/comments?post=818"}],"version-history":[{"count":1,"href":"https:\/\/dgvgifts.com\/lt\/wp-json\/wp\/v2\/product\/818\/revisions"}],"predecessor-version":[{"id":2950,"href":"https:\/\/dgvgifts.com\/lt\/wp-json\/wp\/v2\/product\/818\/revisions\/2950"}],"wp:featuredmedia":[{"embeddable":true,"href":"https:\/\/dgvgifts.com\/lt\/wp-json\/wp\/v2\/media\/805"}],"wp:attachment":[{"href":"https:\/\/dgvgifts.com\/lt\/wp-json\/wp\/v2\/media?parent=818"}],"wp:term":[{"taxonomy":"product_brand","embeddable":true,"href":"https:\/\/dgvgifts.com\/lt\/wp-json\/wp\/v2\/product_brand?post=818"},{"taxonomy":"product_cat","embeddable":true,"href":"https:\/\/dgvgifts.com\/lt\/wp-json\/wp\/v2\/product_cat?post=818"},{"taxonomy":"product_tag","embeddable":true,"href":"https:\/\/dgvgifts.com\/lt\/wp-json\/wp\/v2\/product_tag?post=818"}],"curies":[{"name":"wp","href":"https:\/\/api.w.org\/{rel}","templated":true}]}}