{"id":830,"date":"2023-02-24T09:43:58","date_gmt":"2023-02-24T09:43:58","guid":{"rendered":"https:\/\/dgvgifts.com\/index.php\/product\/bamboo-x-5w-wireless-charger\/"},"modified":"2024-11-08T10:30:06","modified_gmt":"2024-11-08T10:30:06","slug":"bamboo-x-5w-wireless-charger","status":"publish","type":"product","link":"https:\/\/dgvgifts.com\/lt\/produktas\/bamboo-x-5w-wireless-charger\/","title":{"rendered":"Bambukinis 5W belaidis \u012fkroviklis"},"content":{"rendered":"<p>Palaikykite telefono \u012fkrovimo lyg\u012f, naudodami \u0161\u012f ekologi\u0161k\u0105 5 W belaid\u012f \u012fkrovikl\u012f, kuris puikiai der\u0117s prie j\u016bs\u0173 nam\u0173 ir aplinkos. Tiesiog prijunkite belaid\u012f \u012fkrovikl\u012f su 150 cm ilgio mikro USB kabeliu prie USB maitinimo \u0161altinio ir kraukite telefon\u0105 Jums patogiu metu. Korpusas pagamintas i\u0161 bambuko, audinys - i\u0161 ekologi\u0161kos medviln\u0117s (30%) , kanapi\u0173 (40 %) ir  PET (30 %) . Belaidis \u012fkrovimas suderinamas su visais \u012frenginiais palaikan\u010diais QI,  tokiais kaip paskutin\u0117s kartos Android, iPhone 8, 8S ir X. \u012evestis: 5V\/2A. I\u0161vestis: 5V\/1A 5W. Registruotas dizainas\u00ae. Supakuota \u012f pakuot\u0119 be plastiko.<\/p>","protected":false},"excerpt":{"rendered":"<p>Keep your phone charged with this eco 5W wireless charger that will blend perfectly with your home\/environment. Simply plug in the Bamboo X wireless charger using the 150 cm micro USB cable to a USB power source and you can charge your phone whenever you want. The casing is made out of durable bamboo and [&hellip;]<\/p>","protected":false},"featured_media":819,"comment_status":"open","ping_status":"closed","template":"","meta":[],"product_brand":[],"product_cat":[42,27,30],"product_tag":[],"class_list":{"0":"post-830","1":"product","2":"type-product","3":"status-publish","4":"has-post-thumbnail","6":"product_cat-phone-accessories","7":"product_cat-eco-friendly","8":"product_cat-technologies","10":"first","11":"instock","12":"shipping-taxable","13":"purchasable","14":"product-type-simple"},"_links":{"self":[{"href":"https:\/\/dgvgifts.com\/lt\/wp-json\/wp\/v2\/product\/830","targetHints":{"allow":["GET"]}}],"collection":[{"href":"https:\/\/dgvgifts.com\/lt\/wp-json\/wp\/v2\/product"}],"about":[{"href":"https:\/\/dgvgifts.com\/lt\/wp-json\/wp\/v2\/types\/product"}],"replies":[{"embeddable":true,"href":"https:\/\/dgvgifts.com\/lt\/wp-json\/wp\/v2\/comments?post=830"}],"version-history":[{"count":1,"href":"https:\/\/dgvgifts.com\/lt\/wp-json\/wp\/v2\/product\/830\/revisions"}],"predecessor-version":[{"id":2949,"href":"https:\/\/dgvgifts.com\/lt\/wp-json\/wp\/v2\/product\/830\/revisions\/2949"}],"wp:featuredmedia":[{"embeddable":true,"href":"https:\/\/dgvgifts.com\/lt\/wp-json\/wp\/v2\/media\/819"}],"wp:attachment":[{"href":"https:\/\/dgvgifts.com\/lt\/wp-json\/wp\/v2\/media?parent=830"}],"wp:term":[{"taxonomy":"product_brand","embeddable":true,"href":"https:\/\/dgvgifts.com\/lt\/wp-json\/wp\/v2\/product_brand?post=830"},{"taxonomy":"product_cat","embeddable":true,"href":"https:\/\/dgvgifts.com\/lt\/wp-json\/wp\/v2\/product_cat?post=830"},{"taxonomy":"product_tag","embeddable":true,"href":"https:\/\/dgvgifts.com\/lt\/wp-json\/wp\/v2\/product_tag?post=830"}],"curies":[{"name":"wp","href":"https:\/\/api.w.org\/{rel}","templated":true}]}}