{"id":843,"date":"2023-02-24T09:44:07","date_gmt":"2023-02-24T09:44:07","guid":{"rendered":"https:\/\/dgvgifts.com\/index.php\/product\/urban-vitamin-fairfield-3in1-rcs-rplastic-charger\/"},"modified":"2024-11-08T10:29:54","modified_gmt":"2024-11-08T10:29:54","slug":"urban-vitamin-fairfield-3in1-rcs-rplastic-charger","status":"publish","type":"product","link":"https:\/\/dgvgifts.com\/lt\/produktas\/urban-vitamin-fairfield-3in1-rcs-rplastic-charger\/","title":{"rendered":"\u012ekroviklis 3in1"},"content":{"rendered":"<p>15 W 3 in 1 belaid\u017eio \u012fkrovimo stovas pagamintas i\u0161 RCS (Recycled Claim Standard) sertifikuoto perdirbto ABS.  RCS sertifikatas u\u017etikrina visi\u0161kai perdirbt\u0173 med\u017eiag\u0173 tiekimo grandin\u0119. \u0160is belaidis \u012fkroviklis, \u012fkrauna j\u016bs\u0173 telefon\u0105 grei\u010diausiu \u012fmanomu b\u016bdu. \u012ekroviklyje yra kelios vietos pakrovimui: 15 W belaidis pagrindinis telefono \u012fkroviklis, apa\u010dioje - 5 W belaidis ausini\u0173 \u012fkroviklis, o vir\u0161uje - 3 W \"iWatch\" \u012fkroviklis. Pridedamas 120 cm C tipo \u012fkrovimo laidas, pagamintas sertifikuoto perdirbto plastiko.  \"Urban Vitamin\" gaminiai pagaminti be PVC ir supakuoti \u012f pakuotes su suma\u017eintu plastiko kiekiu. \n\u012evestis: 5V\/3A, 9V\/2A 5V\/1A, 9V \/1,1A<\/p>","protected":false},"excerpt":{"rendered":"<p>15W 3 in 1 wireless charging stand made with RCS (Recycled Claim Standard) certified recycled ABS. Total recycled content: 60% based on total item weight. RCS certification ensures a completely certified supply chain of the recycled materials. This wireless charger, charges your phone in the fastest way possible. The charger comes equipped with a dual [&hellip;]<\/p>","protected":false},"featured_media":831,"comment_status":"open","ping_status":"closed","template":"","meta":[],"product_brand":[],"product_cat":[42,30],"product_tag":[],"class_list":{"0":"post-843","1":"product","2":"type-product","3":"status-publish","4":"has-post-thumbnail","6":"product_cat-phone-accessories","7":"product_cat-technologies","9":"first","10":"instock","11":"shipping-taxable","12":"purchasable","13":"product-type-simple"},"_links":{"self":[{"href":"https:\/\/dgvgifts.com\/lt\/wp-json\/wp\/v2\/product\/843","targetHints":{"allow":["GET"]}}],"collection":[{"href":"https:\/\/dgvgifts.com\/lt\/wp-json\/wp\/v2\/product"}],"about":[{"href":"https:\/\/dgvgifts.com\/lt\/wp-json\/wp\/v2\/types\/product"}],"replies":[{"embeddable":true,"href":"https:\/\/dgvgifts.com\/lt\/wp-json\/wp\/v2\/comments?post=843"}],"version-history":[{"count":1,"href":"https:\/\/dgvgifts.com\/lt\/wp-json\/wp\/v2\/product\/843\/revisions"}],"predecessor-version":[{"id":2948,"href":"https:\/\/dgvgifts.com\/lt\/wp-json\/wp\/v2\/product\/843\/revisions\/2948"}],"wp:featuredmedia":[{"embeddable":true,"href":"https:\/\/dgvgifts.com\/lt\/wp-json\/wp\/v2\/media\/831"}],"wp:attachment":[{"href":"https:\/\/dgvgifts.com\/lt\/wp-json\/wp\/v2\/media?parent=843"}],"wp:term":[{"taxonomy":"product_brand","embeddable":true,"href":"https:\/\/dgvgifts.com\/lt\/wp-json\/wp\/v2\/product_brand?post=843"},{"taxonomy":"product_cat","embeddable":true,"href":"https:\/\/dgvgifts.com\/lt\/wp-json\/wp\/v2\/product_cat?post=843"},{"taxonomy":"product_tag","embeddable":true,"href":"https:\/\/dgvgifts.com\/lt\/wp-json\/wp\/v2\/product_tag?post=843"}],"curies":[{"name":"wp","href":"https:\/\/api.w.org\/{rel}","templated":true}]}}