{"id":861,"date":"2023-02-24T09:44:20","date_gmt":"2023-02-24T09:44:20","guid":{"rendered":"https:\/\/dgvgifts.com\/index.php\/product\/rcs-recycled-plastic-10w-wireless-charger-with-usb-ports\/"},"modified":"2024-11-08T10:29:29","modified_gmt":"2024-11-08T10:29:29","slug":"rcs-recycled-plastic-10w-wireless-charger-with-usb-ports","status":"publish","type":"product","link":"https:\/\/dgvgifts.com\/lt\/produktas\/rcs-recycled-plastic-10w-wireless-charger-with-usb-ports\/","title":{"rendered":"Perdirbto plastiko 10 W belaidis \u012fkroviklis su USB"},"content":{"rendered":"<p>10 W belaidis greitasis \u012fkroviklis su dviem USB jungtimis,  pagamintas i\u0161 RCS (Recycled Claim Standard) sertifikuoto perdirbto ABS. Belaidis \u012fkrovimas suderinamas su naujausi\u0173 kart\u0173 \"Android\", \"iPhone 8\" ir v\u0117lesniais \u012frenginiais. \u012ekroviklis pagamintas nenaudojant plastiko.  Pridedamas  120 cm C tipo \u012fkrovimo laidas.  Supakuotas \u012f d\u0117\u017eut\u0119.  C tipo \u012fkrovimas: 5V\/2A; 9V\/1,67A. Belaid\u017eio ry\u0161io pakrovimas: 5V\/1A; 9V\/1.1A (10W)<\/p>","protected":false},"excerpt":{"rendered":"<p>10W wireless fast charger with two USB ports made with RCS (Recycled Claim Standard) certified recycled ABS. Total recycled content: 57% based on total item weight. RCS certification ensures a completely certified supply chain of the recycled materials. Wireless charging compatible with Android latest generations, iPhone 8 and up. Item and accessories PVC free. Including [&hellip;]<\/p>","protected":false},"featured_media":852,"comment_status":"open","ping_status":"closed","template":"","meta":[],"product_brand":[],"product_cat":[42,30],"product_tag":[],"class_list":{"0":"post-861","1":"product","2":"type-product","3":"status-publish","4":"has-post-thumbnail","6":"product_cat-phone-accessories","7":"product_cat-technologies","9":"first","10":"instock","11":"shipping-taxable","12":"purchasable","13":"product-type-simple"},"_links":{"self":[{"href":"https:\/\/dgvgifts.com\/lt\/wp-json\/wp\/v2\/product\/861","targetHints":{"allow":["GET"]}}],"collection":[{"href":"https:\/\/dgvgifts.com\/lt\/wp-json\/wp\/v2\/product"}],"about":[{"href":"https:\/\/dgvgifts.com\/lt\/wp-json\/wp\/v2\/types\/product"}],"replies":[{"embeddable":true,"href":"https:\/\/dgvgifts.com\/lt\/wp-json\/wp\/v2\/comments?post=861"}],"version-history":[{"count":1,"href":"https:\/\/dgvgifts.com\/lt\/wp-json\/wp\/v2\/product\/861\/revisions"}],"predecessor-version":[{"id":2946,"href":"https:\/\/dgvgifts.com\/lt\/wp-json\/wp\/v2\/product\/861\/revisions\/2946"}],"wp:featuredmedia":[{"embeddable":true,"href":"https:\/\/dgvgifts.com\/lt\/wp-json\/wp\/v2\/media\/852"}],"wp:attachment":[{"href":"https:\/\/dgvgifts.com\/lt\/wp-json\/wp\/v2\/media?parent=861"}],"wp:term":[{"taxonomy":"product_brand","embeddable":true,"href":"https:\/\/dgvgifts.com\/lt\/wp-json\/wp\/v2\/product_brand?post=861"},{"taxonomy":"product_cat","embeddable":true,"href":"https:\/\/dgvgifts.com\/lt\/wp-json\/wp\/v2\/product_cat?post=861"},{"taxonomy":"product_tag","embeddable":true,"href":"https:\/\/dgvgifts.com\/lt\/wp-json\/wp\/v2\/product_tag?post=861"}],"curies":[{"name":"wp","href":"https:\/\/api.w.org\/{rel}","templated":true}]}}