{"id":878,"date":"2023-02-24T09:44:33","date_gmt":"2023-02-24T09:44:33","guid":{"rendered":"https:\/\/dgvgifts.com\/index.php\/product\/calgary-fsc-bamboo-10w-wireless-charger\/"},"modified":"2024-11-08T10:29:19","modified_gmt":"2024-11-08T10:29:19","slug":"calgary-fsc-bamboo-10w-wireless-charger","status":"publish","type":"product","link":"https:\/\/dgvgifts.com\/lt\/produktas\/calgary-fsc-bamboo-10w-wireless-charger\/","title":{"rendered":"Belaidis \u012fkroviklis pagamintas i\u0161 bambuko"},"content":{"rendered":"<p>10 W belaidis \u012fkroviklis (su greito \u012fkrovimo funkcija) su ra\u0161iklio laikikliu. \u012e komplekt\u0105 \u012feina 120 cm ilgio, C tipo \u012fkrovimo laidas. Supakuotas \u012f popierin\u0119 KRAFT d\u0117\u017eut\u0119. \nC tipo pakrovimas: 5 V\/2 A; 9 V\/1,67 A. \nBelaidis telefono \u012fkrovimas: 5V\/1A; 9V\/1.1A (10W) \nRegistruotas dizainas\u00ae<\/p>","protected":false},"excerpt":{"rendered":"<p>10W wireless fast charger with pen holder made with RCS (Recycled Claim Standard) certified recycled ABS. Total recycled content: 6% based on total item weight (including bamboo base) The bamboo exterior of the organiser is fully made from FSC 100 bamboo. Including 120 cm type C charging cable made from RCS certified recycled TPE. Packed [&hellip;]<\/p>","protected":false},"featured_media":862,"comment_status":"open","ping_status":"closed","template":"","meta":[],"product_brand":[],"product_cat":[42,27,30],"product_tag":[],"class_list":{"0":"post-878","1":"product","2":"type-product","3":"status-publish","4":"has-post-thumbnail","6":"product_cat-phone-accessories","7":"product_cat-eco-friendly","8":"product_cat-technologies","10":"first","11":"instock","12":"shipping-taxable","13":"purchasable","14":"product-type-simple"},"_links":{"self":[{"href":"https:\/\/dgvgifts.com\/lt\/wp-json\/wp\/v2\/product\/878","targetHints":{"allow":["GET"]}}],"collection":[{"href":"https:\/\/dgvgifts.com\/lt\/wp-json\/wp\/v2\/product"}],"about":[{"href":"https:\/\/dgvgifts.com\/lt\/wp-json\/wp\/v2\/types\/product"}],"replies":[{"embeddable":true,"href":"https:\/\/dgvgifts.com\/lt\/wp-json\/wp\/v2\/comments?post=878"}],"version-history":[{"count":1,"href":"https:\/\/dgvgifts.com\/lt\/wp-json\/wp\/v2\/product\/878\/revisions"}],"predecessor-version":[{"id":2945,"href":"https:\/\/dgvgifts.com\/lt\/wp-json\/wp\/v2\/product\/878\/revisions\/2945"}],"wp:featuredmedia":[{"embeddable":true,"href":"https:\/\/dgvgifts.com\/lt\/wp-json\/wp\/v2\/media\/862"}],"wp:attachment":[{"href":"https:\/\/dgvgifts.com\/lt\/wp-json\/wp\/v2\/media?parent=878"}],"wp:term":[{"taxonomy":"product_brand","embeddable":true,"href":"https:\/\/dgvgifts.com\/lt\/wp-json\/wp\/v2\/product_brand?post=878"},{"taxonomy":"product_cat","embeddable":true,"href":"https:\/\/dgvgifts.com\/lt\/wp-json\/wp\/v2\/product_cat?post=878"},{"taxonomy":"product_tag","embeddable":true,"href":"https:\/\/dgvgifts.com\/lt\/wp-json\/wp\/v2\/product_tag?post=878"}],"curies":[{"name":"wp","href":"https:\/\/api.w.org\/{rel}","templated":true}]}}