{"id":890,"date":"2023-02-24T09:44:42","date_gmt":"2023-02-24T09:44:42","guid":{"rendered":"https:\/\/dgvgifts.com\/index.php\/product\/rcs-standard-recycled-plastic-10w-wireless-charger\/"},"modified":"2024-11-08T10:29:04","modified_gmt":"2024-11-08T10:29:04","slug":"rcs-standard-recycled-plastic-10w-wireless-charger","status":"publish","type":"product","link":"https:\/\/dgvgifts.com\/lt\/produktas\/rcs-standard-recycled-plastic-10w-wireless-charger\/","title":{"rendered":"Perdirbto plastiko 10 W belaidis \u012fkroviklis"},"content":{"rendered":"<p>10 W belaidis \u012fkroviklis su dvigubos jungties laidu (USB A ir USB C), kurio korpusas pagamintas i\u0161 RCS sertifikuoto perdirbto ABS plastiko, o laidas - i\u0161 perdirbto TPE.  Belaidis \u012fkrovimas suderinamas su naujausi\u0173 kart\u0173 \"Android\", \"iPhone 8\" ir v\u0117lesn\u0117mis versijomis. \u012evestis: 9 V\/1,5 A. Belaidis i\u0161\u0117jimas: 9V\/1.1A 10W.  \u012ekroviklis ir priedai be PVC. Pridedamas 150 cm PVC neturintis perdirbtas TPE kabelis, kuriuo galima jungtis tiek prie A, tiek prie C tipo USB adapteri\u0173.<\/p>","protected":false},"excerpt":{"rendered":"<p>10W wireless charger with dual connector cable (USB A and USB C) where the case is made out of RCS certified recycled ABS plastic and the wire from recycled TPE. Total recycled content 58% based on total item weight. RCS (Recycled Claim Standard) is a standard to verify the recycled content of a product throughout [&hellip;]<\/p>","protected":false},"featured_media":879,"comment_status":"open","ping_status":"closed","template":"","meta":[],"product_brand":[],"product_cat":[42,30],"product_tag":[],"class_list":{"0":"post-890","1":"product","2":"type-product","3":"status-publish","4":"has-post-thumbnail","6":"product_cat-phone-accessories","7":"product_cat-technologies","9":"first","10":"instock","11":"shipping-taxable","12":"purchasable","13":"product-type-simple"},"_links":{"self":[{"href":"https:\/\/dgvgifts.com\/lt\/wp-json\/wp\/v2\/product\/890","targetHints":{"allow":["GET"]}}],"collection":[{"href":"https:\/\/dgvgifts.com\/lt\/wp-json\/wp\/v2\/product"}],"about":[{"href":"https:\/\/dgvgifts.com\/lt\/wp-json\/wp\/v2\/types\/product"}],"replies":[{"embeddable":true,"href":"https:\/\/dgvgifts.com\/lt\/wp-json\/wp\/v2\/comments?post=890"}],"version-history":[{"count":1,"href":"https:\/\/dgvgifts.com\/lt\/wp-json\/wp\/v2\/product\/890\/revisions"}],"predecessor-version":[{"id":2944,"href":"https:\/\/dgvgifts.com\/lt\/wp-json\/wp\/v2\/product\/890\/revisions\/2944"}],"wp:featuredmedia":[{"embeddable":true,"href":"https:\/\/dgvgifts.com\/lt\/wp-json\/wp\/v2\/media\/879"}],"wp:attachment":[{"href":"https:\/\/dgvgifts.com\/lt\/wp-json\/wp\/v2\/media?parent=890"}],"wp:term":[{"taxonomy":"product_brand","embeddable":true,"href":"https:\/\/dgvgifts.com\/lt\/wp-json\/wp\/v2\/product_brand?post=890"},{"taxonomy":"product_cat","embeddable":true,"href":"https:\/\/dgvgifts.com\/lt\/wp-json\/wp\/v2\/product_cat?post=890"},{"taxonomy":"product_tag","embeddable":true,"href":"https:\/\/dgvgifts.com\/lt\/wp-json\/wp\/v2\/product_tag?post=890"}],"curies":[{"name":"wp","href":"https:\/\/api.w.org\/{rel}","templated":true}]}}