{"id":901,"date":"2023-02-24T09:44:50","date_gmt":"2023-02-24T09:44:50","guid":{"rendered":"https:\/\/dgvgifts.com\/index.php\/product\/terra-rcs-recycled-aluminum-10w-wireless-charger\/"},"modified":"2024-11-08T10:28:54","modified_gmt":"2024-11-08T10:28:54","slug":"terra-rcs-recycled-aluminum-10w-wireless-charger","status":"publish","type":"product","link":"https:\/\/dgvgifts.com\/lt\/produktas\/terra-rcs-recycled-aluminum-10w-wireless-charger\/","title":{"rendered":"Perdirbto aliuminio 10W belaidis \u012fkroviklis"},"content":{"rendered":"<p>Aliuminio 10 W belaidis greitasis \u012fkroviklis pagamintas i\u0161  sertifikuoto perdirbto aliuminio, ABS ir TPE.  \u012e komplekt\u0105 \u012feina 120 cm C tipo \u012fkrovimo laidas.  Supakuotas \u012f d\u0117\u017eut\u0119. Prijungimas: 9V\/2A. Pakrovimas: 9V\/1,1A.<\/p>","protected":false},"excerpt":{"rendered":"<p>Aluminum 10W wireless fast charger made with RCS (Recycled Claim Standard) certified recycled aluminum, ABS and TPE. Total recycled content: 75% based on total item weight. RCS certification ensures a completely certified supply chain of the recycled materials. Aluminum does not lose its characteristics in the recycling process and can be recycled endlessly. Including 120 [&hellip;]<\/p>","protected":false},"featured_media":891,"comment_status":"open","ping_status":"closed","template":"","meta":[],"product_brand":[],"product_cat":[42,30],"product_tag":[],"class_list":{"0":"post-901","1":"product","2":"type-product","3":"status-publish","4":"has-post-thumbnail","6":"product_cat-phone-accessories","7":"product_cat-technologies","9":"first","10":"instock","11":"shipping-taxable","12":"purchasable","13":"product-type-simple"},"_links":{"self":[{"href":"https:\/\/dgvgifts.com\/lt\/wp-json\/wp\/v2\/product\/901","targetHints":{"allow":["GET"]}}],"collection":[{"href":"https:\/\/dgvgifts.com\/lt\/wp-json\/wp\/v2\/product"}],"about":[{"href":"https:\/\/dgvgifts.com\/lt\/wp-json\/wp\/v2\/types\/product"}],"replies":[{"embeddable":true,"href":"https:\/\/dgvgifts.com\/lt\/wp-json\/wp\/v2\/comments?post=901"}],"version-history":[{"count":1,"href":"https:\/\/dgvgifts.com\/lt\/wp-json\/wp\/v2\/product\/901\/revisions"}],"predecessor-version":[{"id":2943,"href":"https:\/\/dgvgifts.com\/lt\/wp-json\/wp\/v2\/product\/901\/revisions\/2943"}],"wp:featuredmedia":[{"embeddable":true,"href":"https:\/\/dgvgifts.com\/lt\/wp-json\/wp\/v2\/media\/891"}],"wp:attachment":[{"href":"https:\/\/dgvgifts.com\/lt\/wp-json\/wp\/v2\/media?parent=901"}],"wp:term":[{"taxonomy":"product_brand","embeddable":true,"href":"https:\/\/dgvgifts.com\/lt\/wp-json\/wp\/v2\/product_brand?post=901"},{"taxonomy":"product_cat","embeddable":true,"href":"https:\/\/dgvgifts.com\/lt\/wp-json\/wp\/v2\/product_cat?post=901"},{"taxonomy":"product_tag","embeddable":true,"href":"https:\/\/dgvgifts.com\/lt\/wp-json\/wp\/v2\/product_tag?post=901"}],"curies":[{"name":"wp","href":"https:\/\/api.w.org\/{rel}","templated":true}]}}