{"id":912,"date":"2023-02-24T09:44:58","date_gmt":"2023-02-24T09:44:58","guid":{"rendered":"https:\/\/dgvgifts.com\/index.php\/product\/terra-rcs-recycled-aluminum-hub-with-3-usb-ports\/"},"modified":"2024-11-08T10:28:46","modified_gmt":"2024-11-08T10:28:46","slug":"terra-rcs-recycled-aluminum-hub-with-3-usb-ports","status":"publish","type":"product","link":"https:\/\/dgvgifts.com\/lt\/produktas\/terra-rcs-recycled-aluminum-hub-with-3-usb-ports\/","title":{"rendered":"Perdirbto aliuminio \u0161akotuvas su 3 USB jungtimis"},"content":{"rendered":"<p>Aliuminio USB \u0161akotuvas pagamintas i\u0161 sertifikuoto perdirbto aliuminio, ABS, TPE ir PET.  Turi 3 A 2.0 tipo USB jungtis ir 1 C tipo jungt\u012f. \u0160akotuve integruotas 10 cm ilgio laidas. Su dviguba \u012fkrovimo jungtimi, tod\u0117l tinka ir C, ir A tipo USB kompiuteriams. \u0160akotuvas ir priedai pagaminti nenaudojant plastiko, supakuotas \u012f d\u0117\u017eut\u0119.<\/p>","protected":false},"excerpt":{"rendered":"<p>Aluminum USB hub made with RCS (Recycled Claim Standard) certified recycled aluminum, ABS, TPE and PET. With 3 USB A 2.0 ports and 1 type C port. The HUB has an integrated 10 cm cable made from recycled RCS certified TPE\/PET material. Total recycled content: 75% based on total item weight. RCS certification ensures a [&hellip;]<\/p>","protected":false},"featured_media":902,"comment_status":"open","ping_status":"closed","template":"","meta":[],"product_brand":[],"product_cat":[42,30],"product_tag":[],"class_list":{"0":"post-912","1":"product","2":"type-product","3":"status-publish","4":"has-post-thumbnail","6":"product_cat-phone-accessories","7":"product_cat-technologies","9":"first","10":"instock","11":"shipping-taxable","12":"purchasable","13":"product-type-simple"},"_links":{"self":[{"href":"https:\/\/dgvgifts.com\/lt\/wp-json\/wp\/v2\/product\/912","targetHints":{"allow":["GET"]}}],"collection":[{"href":"https:\/\/dgvgifts.com\/lt\/wp-json\/wp\/v2\/product"}],"about":[{"href":"https:\/\/dgvgifts.com\/lt\/wp-json\/wp\/v2\/types\/product"}],"replies":[{"embeddable":true,"href":"https:\/\/dgvgifts.com\/lt\/wp-json\/wp\/v2\/comments?post=912"}],"version-history":[{"count":1,"href":"https:\/\/dgvgifts.com\/lt\/wp-json\/wp\/v2\/product\/912\/revisions"}],"predecessor-version":[{"id":2942,"href":"https:\/\/dgvgifts.com\/lt\/wp-json\/wp\/v2\/product\/912\/revisions\/2942"}],"wp:featuredmedia":[{"embeddable":true,"href":"https:\/\/dgvgifts.com\/lt\/wp-json\/wp\/v2\/media\/902"}],"wp:attachment":[{"href":"https:\/\/dgvgifts.com\/lt\/wp-json\/wp\/v2\/media?parent=912"}],"wp:term":[{"taxonomy":"product_brand","embeddable":true,"href":"https:\/\/dgvgifts.com\/lt\/wp-json\/wp\/v2\/product_brand?post=912"},{"taxonomy":"product_cat","embeddable":true,"href":"https:\/\/dgvgifts.com\/lt\/wp-json\/wp\/v2\/product_cat?post=912"},{"taxonomy":"product_tag","embeddable":true,"href":"https:\/\/dgvgifts.com\/lt\/wp-json\/wp\/v2\/product_tag?post=912"}],"curies":[{"name":"wp","href":"https:\/\/api.w.org\/{rel}","templated":true}]}}