{"id":925,"date":"2023-02-24T09:45:11","date_gmt":"2023-02-24T09:45:11","guid":{"rendered":"https:\/\/dgvgifts.com\/index.php\/product\/cork-and-wheat-straw-8-000-mah-5w-wireless-powerbank\/"},"modified":"2024-11-08T10:28:29","modified_gmt":"2024-11-08T10:28:29","slug":"cork-and-wheat-straw-8-000-mah-5w-wireless-powerbank","status":"publish","type":"product","link":"https:\/\/dgvgifts.com\/lt\/produktas\/cork-and-wheat-straw-8-000-mah-5w-wireless-powerbank\/","title":{"rendered":"Kam\u0161tinis 8.000 mAh 5W belaidis \u012fkroviklis"},"content":{"rendered":"<p>8000 mah belaidis i\u0161orin\u0117 baterija,  su 5 W belaid\u017eiu \u012fkrovikliu vir\u0161uje. I\u0161orin\u0117 pus\u0117 pagaminta i\u0161 nat\u016bralaus kam\u0161\u010dio, o korpusas - i\u0161 35 % kvie\u010di\u0173 \u0161iaud\u0173, sumai\u0161yt\u0173 su ABS.  \u012ekrauti galima pasirinktinai:  per micro USB arba C tipo jungt\u012f. Visi\u0161kai \u012fkrauta baterija telefon\u0105 \u012fkraus iki 2-3 kart\u0173. Maitinimo bloke yra ilgaam\u017e\u0117 A klas\u0117s 8 000 mAh li\u010dio polimer\u0173 baterija. Energijos indikatoriai rodys likusios energijos lyg\u012f, tod\u0117l visada \u017einosite, kada reikia pakartotinai \u012fkrauti. Belaidis \u012fkrovimas suderinamas su visais QI palaikan\u010diais \u012frenginiais, tokiais kaip naujausios kartos \"Android\", \"iPhone 8\", 8S ir X. Mikro USB pakrovimas: 5V\/2A C tipo \u012fvestis 5V\/2A USB i\u0161vestis 5V\/2,4A. Belaidis \u012fkrovimas 5W 5V\/1A.  I\u0161orin\u0117 baterija pagaminta nenaudojant plastiko. \n\nTranslated with www.DeepL.com\/Translator (free version)<\/p>","protected":false},"excerpt":{"rendered":"<p>8000 mah wireless powerbank with 5W wireless charger on top. The top side is made from natural cork and the casing is made from 35% wheat straw mixed with ABS. Input optional via micro USB or type C. When fully charged it will provide you with enough energy to re-charge your mobile phone up to [&hellip;]<\/p>","protected":false},"featured_media":913,"comment_status":"open","ping_status":"closed","template":"","meta":[],"product_brand":[],"product_cat":[44,27,30],"product_tag":[],"class_list":{"0":"post-925","1":"product","2":"type-product","3":"status-publish","4":"has-post-thumbnail","6":"product_cat-power-bank","7":"product_cat-eco-friendly","8":"product_cat-technologies","10":"first","11":"instock","12":"shipping-taxable","13":"purchasable","14":"product-type-simple"},"_links":{"self":[{"href":"https:\/\/dgvgifts.com\/lt\/wp-json\/wp\/v2\/product\/925","targetHints":{"allow":["GET"]}}],"collection":[{"href":"https:\/\/dgvgifts.com\/lt\/wp-json\/wp\/v2\/product"}],"about":[{"href":"https:\/\/dgvgifts.com\/lt\/wp-json\/wp\/v2\/types\/product"}],"replies":[{"embeddable":true,"href":"https:\/\/dgvgifts.com\/lt\/wp-json\/wp\/v2\/comments?post=925"}],"version-history":[{"count":1,"href":"https:\/\/dgvgifts.com\/lt\/wp-json\/wp\/v2\/product\/925\/revisions"}],"predecessor-version":[{"id":2941,"href":"https:\/\/dgvgifts.com\/lt\/wp-json\/wp\/v2\/product\/925\/revisions\/2941"}],"wp:featuredmedia":[{"embeddable":true,"href":"https:\/\/dgvgifts.com\/lt\/wp-json\/wp\/v2\/media\/913"}],"wp:attachment":[{"href":"https:\/\/dgvgifts.com\/lt\/wp-json\/wp\/v2\/media?parent=925"}],"wp:term":[{"taxonomy":"product_brand","embeddable":true,"href":"https:\/\/dgvgifts.com\/lt\/wp-json\/wp\/v2\/product_brand?post=925"},{"taxonomy":"product_cat","embeddable":true,"href":"https:\/\/dgvgifts.com\/lt\/wp-json\/wp\/v2\/product_cat?post=925"},{"taxonomy":"product_tag","embeddable":true,"href":"https:\/\/dgvgifts.com\/lt\/wp-json\/wp\/v2\/product_tag?post=925"}],"curies":[{"name":"wp","href":"https:\/\/api.w.org\/{rel}","templated":true}]}}