{"id":937,"date":"2023-02-24T09:45:22","date_gmt":"2023-02-24T09:45:22","guid":{"rendered":"https:\/\/dgvgifts.com\/index.php\/product\/cork-and-wheat-5-000-mah-pocket-powerbank\/"},"modified":"2024-11-08T10:28:19","modified_gmt":"2024-11-08T10:28:19","slug":"cork-and-wheat-5-000-mah-pocket-powerbank","status":"publish","type":"product","link":"https:\/\/dgvgifts.com\/lt\/produktas\/cork-and-wheat-5-000-mah-pocket-powerbank\/","title":{"rendered":"Ki\u0161eninis 5000 mAh \u012fkroviklis"},"content":{"rendered":"<p>5000 mah talpos ki\u0161eninis \u012fkroviklis. Vir\u0161utin\u0117 pus\u0117 pagaminta i\u0161 nat\u016bralaus kam\u0161\u010dio, o korpusas - i\u0161 35 % kvie\u010di\u0173 \u0161iaud\u0173, sumai\u0161yt\u0173 su ABS. Pilnai \u012fkrautas, jis leis pakrauti mobil\u0173j\u012f telefon\u0105 iki 2-3 kart\u0173. \u012ekroviklyje instaliuotas ilgaam\u017eis A klas\u0117s 5 000 mAh li\u010dio polimer\u0173 akumuliatorius. Energijos indikatoriai rodys likusios energijos lyg\u012f, tod\u0117l visada \u017einosite, kada reikia i\u0161 naujo \u012fkrauti baterij\u0105. \nC tipo \u012fkrovimas: 5V\/2A \nMikro USB \u012fkrovimas: 5V\/2A. \nPakrovimas: 5V\/2A<\/p>","protected":false},"excerpt":{"rendered":"<p>5000 mah pocket size powerbank. The top side is made from natural cork and the casing is made from 35% wheat straw mixed with ABS. When fully charged it will provide you with enough energy to re-charge your mobile phone up to three times. The powerbank contains a long-lasting grade A 5.000 mAh high density [&hellip;]<\/p>","protected":false},"featured_media":926,"comment_status":"open","ping_status":"closed","template":"","meta":[],"product_brand":[],"product_cat":[44,27,30],"product_tag":[],"class_list":{"0":"post-937","1":"product","2":"type-product","3":"status-publish","4":"has-post-thumbnail","6":"product_cat-power-bank","7":"product_cat-eco-friendly","8":"product_cat-technologies","10":"first","11":"instock","12":"shipping-taxable","13":"purchasable","14":"product-type-simple"},"_links":{"self":[{"href":"https:\/\/dgvgifts.com\/lt\/wp-json\/wp\/v2\/product\/937","targetHints":{"allow":["GET"]}}],"collection":[{"href":"https:\/\/dgvgifts.com\/lt\/wp-json\/wp\/v2\/product"}],"about":[{"href":"https:\/\/dgvgifts.com\/lt\/wp-json\/wp\/v2\/types\/product"}],"replies":[{"embeddable":true,"href":"https:\/\/dgvgifts.com\/lt\/wp-json\/wp\/v2\/comments?post=937"}],"version-history":[{"count":1,"href":"https:\/\/dgvgifts.com\/lt\/wp-json\/wp\/v2\/product\/937\/revisions"}],"predecessor-version":[{"id":2940,"href":"https:\/\/dgvgifts.com\/lt\/wp-json\/wp\/v2\/product\/937\/revisions\/2940"}],"wp:featuredmedia":[{"embeddable":true,"href":"https:\/\/dgvgifts.com\/lt\/wp-json\/wp\/v2\/media\/926"}],"wp:attachment":[{"href":"https:\/\/dgvgifts.com\/lt\/wp-json\/wp\/v2\/media?parent=937"}],"wp:term":[{"taxonomy":"product_brand","embeddable":true,"href":"https:\/\/dgvgifts.com\/lt\/wp-json\/wp\/v2\/product_brand?post=937"},{"taxonomy":"product_cat","embeddable":true,"href":"https:\/\/dgvgifts.com\/lt\/wp-json\/wp\/v2\/product_cat?post=937"},{"taxonomy":"product_tag","embeddable":true,"href":"https:\/\/dgvgifts.com\/lt\/wp-json\/wp\/v2\/product_tag?post=937"}],"curies":[{"name":"wp","href":"https:\/\/api.w.org\/{rel}","templated":true}]}}