{"id":951,"date":"2023-02-24T09:45:32","date_gmt":"2023-02-24T09:45:32","guid":{"rendered":"https:\/\/dgvgifts.com\/index.php\/product\/fsc-certified-bamboo-5-000-mah-powerbank\/"},"modified":"2024-11-08T10:28:08","modified_gmt":"2024-11-08T10:28:08","slug":"fsc-certified-bamboo-5-000-mah-powerbank","status":"publish","type":"product","link":"https:\/\/dgvgifts.com\/lt\/produktas\/fsc-certified-bamboo-5-000-mah-powerbank\/","title":{"rendered":"Bambukin\u0117 5 000 mAh talpos i\u0161orin\u0117 baterija"},"content":{"rendered":"<p>5000 mah talpos \u012fkrovimo baterija, pagaminta i\u0161 100 % FSC\u00ae sertifikuoto bambuko, pagaminta nenaudojant jokio plastiko.  Supakuota \u012f d\u0117\u017eut\u0119. Prietaise yra ilgaam\u017e\u0117 A klas\u0117s 5000 mAh li\u010dio polimer\u0173 baterija. Energijos indikatoriai rodo likus\u012f energijos lyg\u012f, tod\u0117l visada \u017einosite, kada reikia i\u0161 naujo \u012fkrauti. \u012ekrovimas:  micro ir C tipo, DC5V\/2A; Pakrovimas:  USB-A, micro USB ir C tipo DC5V\/2A; Pridedamas \u012fkrovimo laidas.<\/p>","protected":false},"excerpt":{"rendered":"<p>5000 mah powerbank with casing made from 100% FSC\u00ae certified bamboo; Item and accessories 100% PVC free. Packed in FSC\u00ae mix packaging. The powerbank contains a long lasting grade A 5.000 mAh lithium polymer battery. The power indicators will indicate the remaining energy level so you always know when to re-charge. Input micro and Type-C, [&hellip;]<\/p>","protected":false},"featured_media":938,"comment_status":"open","ping_status":"closed","template":"","meta":[],"product_brand":[],"product_cat":[44,27,30],"product_tag":[],"class_list":{"0":"post-951","1":"product","2":"type-product","3":"status-publish","4":"has-post-thumbnail","6":"product_cat-power-bank","7":"product_cat-eco-friendly","8":"product_cat-technologies","10":"first","11":"instock","12":"shipping-taxable","13":"purchasable","14":"product-type-simple"},"_links":{"self":[{"href":"https:\/\/dgvgifts.com\/lt\/wp-json\/wp\/v2\/product\/951","targetHints":{"allow":["GET"]}}],"collection":[{"href":"https:\/\/dgvgifts.com\/lt\/wp-json\/wp\/v2\/product"}],"about":[{"href":"https:\/\/dgvgifts.com\/lt\/wp-json\/wp\/v2\/types\/product"}],"replies":[{"embeddable":true,"href":"https:\/\/dgvgifts.com\/lt\/wp-json\/wp\/v2\/comments?post=951"}],"version-history":[{"count":1,"href":"https:\/\/dgvgifts.com\/lt\/wp-json\/wp\/v2\/product\/951\/revisions"}],"predecessor-version":[{"id":2939,"href":"https:\/\/dgvgifts.com\/lt\/wp-json\/wp\/v2\/product\/951\/revisions\/2939"}],"wp:featuredmedia":[{"embeddable":true,"href":"https:\/\/dgvgifts.com\/lt\/wp-json\/wp\/v2\/media\/938"}],"wp:attachment":[{"href":"https:\/\/dgvgifts.com\/lt\/wp-json\/wp\/v2\/media?parent=951"}],"wp:term":[{"taxonomy":"product_brand","embeddable":true,"href":"https:\/\/dgvgifts.com\/lt\/wp-json\/wp\/v2\/product_brand?post=951"},{"taxonomy":"product_cat","embeddable":true,"href":"https:\/\/dgvgifts.com\/lt\/wp-json\/wp\/v2\/product_cat?post=951"},{"taxonomy":"product_tag","embeddable":true,"href":"https:\/\/dgvgifts.com\/lt\/wp-json\/wp\/v2\/product_tag?post=951"}],"curies":[{"name":"wp","href":"https:\/\/api.w.org\/{rel}","templated":true}]}}