{"id":965,"date":"2023-02-24T09:45:43","date_gmt":"2023-02-24T09:45:43","guid":{"rendered":"https:\/\/dgvgifts.com\/index.php\/product\/fsccertified-bamboo-8-000-mah-5w-wireless-powerbank\/"},"modified":"2024-11-08T10:27:54","modified_gmt":"2024-11-08T10:27:54","slug":"fsccertified-bamboo-8-000-mah-5w-wireless-powerbank","status":"publish","type":"product","link":"https:\/\/dgvgifts.com\/lt\/produktas\/fsccertified-bamboo-8-000-mah-5w-wireless-powerbank\/","title":{"rendered":"Bambukin\u0117 8.000 mAh 5W belaid\u0117 \u012fkrovimo baterija"},"content":{"rendered":"<p>8000 mah talpos i\u0161orin\u0117 baterija,  korpusas pagamintas i\u0161 100 % FSC\u00ae sertifikuoto bambuko. I\u0161orin\u0117je baterijoje  yra ilgaam\u017e\u0117 A klas\u0117s 8000 mAh li\u010dio polimer\u0173 baterija. \u012erengini\u0173 \u012fkrovimas laidu abra  5 W belaid\u017eiu \u012fkrovimu. Energijos indikatoriai rodys likusios energijos lyg\u012f, tod\u0117l visada \u017einosite, kada reikia pakartotinai \u012fkrauti. Belaidis \u012fkrovimas suderinamas su naujausi\u0173 kart\u0173 \"Android\", \"iPhone 8\" ir naujesn\u0117mis versijomis. \u012ekrovimas micro ir C tipo 5V\/2A; Pakrovimas:  USB-A, micro USB ir C tipo DC5V\/2A; belaidis pakrovimas: 5V\/1A. \u012e komplekt\u0105 \u012feina laidas. Baterija pagaminta nenaudojant plastiko, supakuota \u012f d\u0117\u017eut\u0119.<\/p>","protected":false},"excerpt":{"rendered":"<p>8000 mah powerbank with casing made from 100% FSC\u00aecertified bamboo. The powerbank contains a long lasting grade A 8.000 mAh lithium polymer battery. The powerbank offers charging via cable as well as 5W wireless charging. The power indicators will indicate the remaining energy level so you always know when to re-charge. Wireless charging compatible with [&hellip;]<\/p>","protected":false},"featured_media":952,"comment_status":"open","ping_status":"closed","template":"","meta":[],"product_brand":[],"product_cat":[44,27,30],"product_tag":[],"class_list":{"0":"post-965","1":"product","2":"type-product","3":"status-publish","4":"has-post-thumbnail","6":"product_cat-power-bank","7":"product_cat-eco-friendly","8":"product_cat-technologies","10":"first","11":"instock","12":"shipping-taxable","13":"purchasable","14":"product-type-simple"},"_links":{"self":[{"href":"https:\/\/dgvgifts.com\/lt\/wp-json\/wp\/v2\/product\/965","targetHints":{"allow":["GET"]}}],"collection":[{"href":"https:\/\/dgvgifts.com\/lt\/wp-json\/wp\/v2\/product"}],"about":[{"href":"https:\/\/dgvgifts.com\/lt\/wp-json\/wp\/v2\/types\/product"}],"replies":[{"embeddable":true,"href":"https:\/\/dgvgifts.com\/lt\/wp-json\/wp\/v2\/comments?post=965"}],"version-history":[{"count":1,"href":"https:\/\/dgvgifts.com\/lt\/wp-json\/wp\/v2\/product\/965\/revisions"}],"predecessor-version":[{"id":2938,"href":"https:\/\/dgvgifts.com\/lt\/wp-json\/wp\/v2\/product\/965\/revisions\/2938"}],"wp:featuredmedia":[{"embeddable":true,"href":"https:\/\/dgvgifts.com\/lt\/wp-json\/wp\/v2\/media\/952"}],"wp:attachment":[{"href":"https:\/\/dgvgifts.com\/lt\/wp-json\/wp\/v2\/media?parent=965"}],"wp:term":[{"taxonomy":"product_brand","embeddable":true,"href":"https:\/\/dgvgifts.com\/lt\/wp-json\/wp\/v2\/product_brand?post=965"},{"taxonomy":"product_cat","embeddable":true,"href":"https:\/\/dgvgifts.com\/lt\/wp-json\/wp\/v2\/product_cat?post=965"},{"taxonomy":"product_tag","embeddable":true,"href":"https:\/\/dgvgifts.com\/lt\/wp-json\/wp\/v2\/product_tag?post=965"}],"curies":[{"name":"wp","href":"https:\/\/api.w.org\/{rel}","templated":true}]}}