{"id":977,"date":"2023-02-24T09:45:52","date_gmt":"2023-02-24T09:45:52","guid":{"rendered":"https:\/\/dgvgifts.com\/index.php\/product\/fsc-and-rcs-recycled-plastic-5-000-mah-powerbank\/"},"modified":"2024-11-08T10:27:45","modified_gmt":"2024-11-08T10:27:45","slug":"fsc-and-rcs-recycled-plastic-5-000-mah-powerbank","status":"publish","type":"product","link":"https:\/\/dgvgifts.com\/lt\/produktas\/fsc-and-rcs-recycled-plastic-5-000-mah-powerbank\/","title":{"rendered":"Perdirbto plastiko 5.000 mAh talpos i\u0161orin\u0117 baterija"},"content":{"rendered":"<p>5 000 mAh ki\u0161enin\u0117 i\u0161orin\u0117 baterija, pagamintas i\u0161 RCS (Recycled Claim Standard) sertifikuotos perdirbtos ABS med\u017eiagos su \u0161velnia lietimui jautria apdaila ir FSC\u00ae sertifikuoto bambuko.  Bendras perdirbt\u0173 med\u017eiag\u0173 kiekis: 20 %, skai\u010diuojant nuo viso gaminio svorio. RCS sertifikatas u\u017etikrina visi\u0161kai sertifikuot\u0105 perdirbt\u0173 med\u017eiag\u0173 tiekim\u0105.  Visi\u0161kai \u012fkrautas jis suteiks pakankamai energijos, kad gal\u0117tum\u0117te iki trij\u0173 kart\u0173 \u012fkrauti mobil\u0173j\u012f telefon\u0105. \u012ekrovimo baterijoje yra ilgaam\u017e\u0117 A klas\u0117s 5 000 mAh didelio tankio li\u010dio polimer\u0173 baterija. Energijos indikatoriai rodys likusios energijos lyg\u012f, tod\u0117l visada \u017einosite, kada reikia i\u0161 naujo \u012fkrauti baterij\u0105. C tipo \u012fkrovimas: 5V\/2A Mikro USB \u012fvestis 5V\/2A. Pakrovimas: 5V\/2A. Supakuota \u012f d\u0117\u017eut\u0119.<\/p>","protected":false},"excerpt":{"rendered":"<p>5.000 mAh pocket powerbank made with RCS (Recycled Claim Standard) certified recycled ABS material with soft touch finish and FSC\u00ae certified bamboo. Total recycled content: 20 % based on total item weight. RCS certification ensures a completely certified supply chain of the recycled materials. When fully charged it will provide you with enough energy to [&hellip;]<\/p>","protected":false},"featured_media":966,"comment_status":"open","ping_status":"closed","template":"","meta":[],"product_brand":[],"product_cat":[44,27,30],"product_tag":[],"class_list":{"0":"post-977","1":"product","2":"type-product","3":"status-publish","4":"has-post-thumbnail","6":"product_cat-power-bank","7":"product_cat-eco-friendly","8":"product_cat-technologies","10":"first","11":"instock","12":"shipping-taxable","13":"purchasable","14":"product-type-simple"},"_links":{"self":[{"href":"https:\/\/dgvgifts.com\/lt\/wp-json\/wp\/v2\/product\/977","targetHints":{"allow":["GET"]}}],"collection":[{"href":"https:\/\/dgvgifts.com\/lt\/wp-json\/wp\/v2\/product"}],"about":[{"href":"https:\/\/dgvgifts.com\/lt\/wp-json\/wp\/v2\/types\/product"}],"replies":[{"embeddable":true,"href":"https:\/\/dgvgifts.com\/lt\/wp-json\/wp\/v2\/comments?post=977"}],"version-history":[{"count":1,"href":"https:\/\/dgvgifts.com\/lt\/wp-json\/wp\/v2\/product\/977\/revisions"}],"predecessor-version":[{"id":2937,"href":"https:\/\/dgvgifts.com\/lt\/wp-json\/wp\/v2\/product\/977\/revisions\/2937"}],"wp:featuredmedia":[{"embeddable":true,"href":"https:\/\/dgvgifts.com\/lt\/wp-json\/wp\/v2\/media\/966"}],"wp:attachment":[{"href":"https:\/\/dgvgifts.com\/lt\/wp-json\/wp\/v2\/media?parent=977"}],"wp:term":[{"taxonomy":"product_brand","embeddable":true,"href":"https:\/\/dgvgifts.com\/lt\/wp-json\/wp\/v2\/product_brand?post=977"},{"taxonomy":"product_cat","embeddable":true,"href":"https:\/\/dgvgifts.com\/lt\/wp-json\/wp\/v2\/product_cat?post=977"},{"taxonomy":"product_tag","embeddable":true,"href":"https:\/\/dgvgifts.com\/lt\/wp-json\/wp\/v2\/product_tag?post=977"}],"curies":[{"name":"wp","href":"https:\/\/api.w.org\/{rel}","templated":true}]}}