{"id":990,"date":"2023-02-24T09:46:02","date_gmt":"2023-02-24T09:46:02","guid":{"rendered":"https:\/\/dgvgifts.com\/index.php\/product\/fsc-rcs-rplastic-8000-mah-wireless-powerbank\/"},"modified":"2024-11-08T10:27:32","modified_gmt":"2024-11-08T10:27:32","slug":"fsc-rcs-rplastic-8000-mah-wireless-powerbank","status":"publish","type":"product","link":"https:\/\/dgvgifts.com\/lt\/produktas\/fsc-rcs-rplastic-8000-mah-wireless-powerbank\/","title":{"rendered":"8000 mAh belaid\u0117 \u012f\u0161orin\u0117 baterija"},"content":{"rendered":"<p>8 000 mAh i\u0161orin\u0117 baterija,  pagamintas i\u0161 RCS (Recycled Claim Standard) sertifikuoto perdirbto ABS plastiko su \u0161velnia lietimui jautria apdaila ir FSC\u00ae sertifikuoto bambuko.  Bendras perdirbtas kiekis: Bendras perdirbt\u0173 med\u017eiag\u0173 kiekis: 20 %, skai\u010diuojant nuo viso gaminio svorio.  Palaiko 5 W belaid\u012f \u012fkrovim\u0105 ir pakrovim\u0105 per USB jungt\u012f. \u012evestis tiek per micro USB, tiek per C tipo jungt\u012f. Visi\u0161kai \u012fkrautas suteikia energijos mobiliam telefonui iki 2-3 kart\u0173. Maitinimo bloke yra ilgaam\u017e\u0117 A klas\u0117s 8 000 mAh li\u010dio polimer\u0173 baterija. Energijos indikatoriai rodys likusios energijos lyg\u012f, tod\u0117l visada \u017einosite, kada reikia i\u0161 naujo \u012fkrauti. Mikro \u012fkrovimas: 5V\/2A C tipo \u012fvestis 5V\/2A USB i\u0161vestis 5V\/2,4A. Belaidis pakrovimas:  5W 5V\/1A.  Supakuotas \u012f d\u0117\u017eut\u0119. Pridedamas pakrovimo laidas.<\/p>","protected":false},"excerpt":{"rendered":"<p>8.000 mAh powerbank Made with RCS (Recycled Claim Standard) certified recycled ABS plastic with soft touch finish and FSC\u00ae certified bamboo. Total recycled content: 20 % based on total item weight. RCS certification ensures a completely certified supply chain of the recycled materials. Supports 5W wireless charging and charging via USB port by cable. Input [&hellip;]<\/p>","protected":false},"featured_media":978,"comment_status":"open","ping_status":"closed","template":"","meta":[],"product_brand":[],"product_cat":[44,27,30],"product_tag":[],"class_list":{"0":"post-990","1":"product","2":"type-product","3":"status-publish","4":"has-post-thumbnail","6":"product_cat-power-bank","7":"product_cat-eco-friendly","8":"product_cat-technologies","10":"first","11":"instock","12":"shipping-taxable","13":"purchasable","14":"product-type-simple"},"_links":{"self":[{"href":"https:\/\/dgvgifts.com\/lt\/wp-json\/wp\/v2\/product\/990","targetHints":{"allow":["GET"]}}],"collection":[{"href":"https:\/\/dgvgifts.com\/lt\/wp-json\/wp\/v2\/product"}],"about":[{"href":"https:\/\/dgvgifts.com\/lt\/wp-json\/wp\/v2\/types\/product"}],"replies":[{"embeddable":true,"href":"https:\/\/dgvgifts.com\/lt\/wp-json\/wp\/v2\/comments?post=990"}],"version-history":[{"count":1,"href":"https:\/\/dgvgifts.com\/lt\/wp-json\/wp\/v2\/product\/990\/revisions"}],"predecessor-version":[{"id":2936,"href":"https:\/\/dgvgifts.com\/lt\/wp-json\/wp\/v2\/product\/990\/revisions\/2936"}],"wp:featuredmedia":[{"embeddable":true,"href":"https:\/\/dgvgifts.com\/lt\/wp-json\/wp\/v2\/media\/978"}],"wp:attachment":[{"href":"https:\/\/dgvgifts.com\/lt\/wp-json\/wp\/v2\/media?parent=990"}],"wp:term":[{"taxonomy":"product_brand","embeddable":true,"href":"https:\/\/dgvgifts.com\/lt\/wp-json\/wp\/v2\/product_brand?post=990"},{"taxonomy":"product_cat","embeddable":true,"href":"https:\/\/dgvgifts.com\/lt\/wp-json\/wp\/v2\/product_cat?post=990"},{"taxonomy":"product_tag","embeddable":true,"href":"https:\/\/dgvgifts.com\/lt\/wp-json\/wp\/v2\/product_tag?post=990"}],"curies":[{"name":"wp","href":"https:\/\/api.w.org\/{rel}","templated":true}]}}